{"id":19,"date":"2023-09-29T08:07:56","date_gmt":"2023-09-29T08:07:56","guid":{"rendered":"https:\/\/demo.bravisthemes.com\/gotranscom\/?page_id=19"},"modified":"2025-10-05T08:00:34","modified_gmt":"2025-10-05T08:00:34","slug":"faqs","status":"publish","type":"page","link":"https:\/\/alanwaralsateaa.com\/fr\/faqs\/","title":{"rendered":"FAQ"},"content":{"rendered":"<div data-elementor-type=\"wp-page\" data-elementor-id=\"19\" class=\"elementor elementor-19\">\n\t\t\t\t        <section class=\"elementor-section elementor-top-section elementor-element elementor-element-3197b6e elementor-section-stretched elementor-section-boxed elementor-section-height-default elementor-section-height-default pxl-row-scroll-none pxl-section-overflow-visible pxl-bg-color-none pxl-section-overlay-none\" data-id=\"3197b6e\" data-element_type=\"section\" data-e-type=\"section\" data-settings=\"{&quot;stretch_section&quot;:&quot;section-stretched&quot;}\">\n\n                \n                <div class=\"elementor-container elementor-column-gap-extended\">\n                <div class=\"elementor-column elementor-col-50 elementor-top-column elementor-element elementor-element-6994486 pxl-column-none pxl-column-overflow-hidden-no\" data-id=\"6994486\" data-element_type=\"column\" data-e-type=\"column\">\r\n        <div class=\"elementor-widget-wrap elementor-element-populated\">\r\n                     \r\n        \t\t<div class=\"elementor-element elementor-element-2a434e0 elementor-widget elementor-widget-pxl_heading\" data-id=\"2a434e0\" data-element_type=\"widget\" data-e-type=\"widget\" data-widget_type=\"pxl_heading.default\">\n\t\t\t\t<div class=\"elementor-widget-container\">\n\t\t\t\t\t<div id=\"pxl-pxl_heading-2a434e0-4092\" class=\"pxl-heading pxl-heading--tcustom px-sub-title-box-style\">\n\t<div class=\"pxl-heading--inner\">\n\t\t\t\t\n\t\t<div class=\"pxl-item--subtitle px-sub-title-box\" data-wow-delay=\"ms\">\n\t\t\t<span class=\"pxl-item--subtext\">\n\t\t\t\t\t\t\t\tQUESTIONS FR\u00c9QUEMMENT POS\u00c9ES\t\t\t<\/span>\n\t\t<\/div>\n\t\t\n\t<h3 class=\"pxl-item--title\" data-wow-delay=\"ms\">\n\tAvez-vous une une question ?\nTrouvez la r\u00e9ponse ici\t\t\t\n\t<\/h3>\n\t\n<\/div>\n<\/div>\t\t\t\t<\/div>\n\t\t\t\t<\/div>\n\t\t\t\t<div class=\"elementor-element elementor-element-e3e651f elementor-widget elementor-widget-pxl_text_editor\" data-id=\"e3e651f\" data-element_type=\"widget\" data-e-type=\"widget\" data-widget_type=\"pxl_text_editor.default\">\n\t\t\t\t<div class=\"elementor-widget-container\">\n\t\t\t\t\t<div class=\"pxl-text-editor\">\n\t<div class=\"pxl-item--inner\" data-wow-delay=\"ms\">\n\t\t<p>Quelques questions fr\u00e9quemment pos\u00e9es sur<br \/>ALANWAR AL SATEAA services de fret<\/p>\t\t\n\t<\/div>\n<\/div>\t\t\t\t<\/div>\n\t\t\t\t<\/div>\n\t\t\t\t<div class=\"elementor-element elementor-element-39ef70c elementor-widget elementor-widget-pxl_accordion\" data-id=\"39ef70c\" data-element_type=\"widget\" data-e-type=\"widget\" data-widget_type=\"pxl_accordion.default\">\n\t\t\t\t<div class=\"elementor-widget-container\">\n\t\t\t\t\t    <div class=\"pxl-accordion pxl-accordion1\" data-wow-delay=\"ms\">\r\n                    <div class=\"pxl--item\">\r\n                <h5 class=\"pxl-item--title\" data-target=\"#pxl_accordion-39ef70c-2218-647c7a7\">\r\n                                <span class=\"pxl-title--text\">Quelle est la vitesse de livraison de la Chine ou de Duba\u00ef au Tchad ?<\/span>\r\n                <i class=\"icon-plus\"><\/i>\r\n                <\/h5>\r\n                <div id=\"pxl_accordion-39ef70c-2218-647c7a7\" class=\"pxl-item--content\" >Nous concevons une solution logistique de l\u2019usine jusqu\u2019\u00e0 la porte en combinant transport maritime, a\u00e9rien et routier.\nNotre \u00e9quipe s\u2019occupe de toute la documentation d\u2019exportation, du d\u00e9douanement \u00e0 l\u2019importation au Tchad, de l\u2019entreposage et de la consolidation, ainsi que de la livraison finale s\u00e9curis\u00e9e \u2014 avec un interlocuteur unique tout au long du processus.<\/div>\r\n            <\/div>\r\n                    <div class=\"pxl--item\">\r\n                <h5 class=\"pxl-item--title\" data-target=\"#pxl_accordion-39ef70c-2218-f708c04\">\r\n                                <span class=\"pxl-title--text\">Combien de temps dure l\u2019exp\u00e9dition ?<\/span>\r\n                <i class=\"icon-plus\"><\/i>\r\n                <\/h5>\r\n                <div id=\"pxl_accordion-39ef70c-2218-f708c04\" class=\"pxl-item--content\" ><br \/>\nExp\u00e9ditions urgentes par avion en 5 \u00e0 8 jours ; groupage mer + route en 30 \u00e0 45 jours, selon l\u2019origine et les douanes. Suivi r\u00e9gulier \u00e0 chaque \u00e9tape.<\/div>\r\n            <\/div>\r\n            <\/div>\r\n    \t\t\t\t<\/div>\n\t\t\t\t<\/div>\n\t\t            <\/div>\r\n        <\/div>\r\n                <div class=\"elementor-column elementor-col-50 elementor-top-column elementor-element elementor-element-b851e7a pxl-column-none pxl-column-overflow-hidden-no\" data-id=\"b851e7a\" data-element_type=\"column\" data-e-type=\"column\">\r\n        <div class=\"elementor-widget-wrap elementor-element-populated\">\r\n                     \r\n        \t\t<div class=\"elementor-element elementor-element-bd9ef98 elementor-widget elementor-widget-pxl_accordion\" data-id=\"bd9ef98\" data-element_type=\"widget\" data-e-type=\"widget\" data-widget_type=\"pxl_accordion.default\">\n\t\t\t\t<div class=\"elementor-widget-container\">\n\t\t\t\t\t    <div class=\"pxl-accordion pxl-accordion1\" data-wow-delay=\"ms\">\r\n                    <div class=\"pxl--item active\">\r\n                <h5 class=\"pxl-item--title\" data-target=\"#pxl_accordion-bd9ef98-5417-fdddbc5\">\r\n                                <span class=\"pxl-title--text\">Quels produits prenez-vous en charge ?<\/span>\r\n                <i class=\"icon-plus\"><\/i>\r\n                <\/h5>\r\n                <div id=\"pxl_accordion-bd9ef98-5417-fdddbc5\" class=\"pxl-item--content\" style=\"display: block;\">Marchandises g\u00e9n\u00e9rales : produits de grande consommation (FMCG), mat\u00e9riaux de construction, \u00e9lectronique, textiles, pi\u00e8ces automobiles et machines.\nPour les articles sensibles ou r\u00e9glement\u00e9s (batteries, produits p\u00e9rissables, marchandises dangereuses), nous v\u00e9rifions les r\u00e9glementations et l\u2019emballage avant toute r\u00e9servation.<\/div>\r\n            <\/div>\r\n                    <div class=\"pxl--item\">\r\n                <h5 class=\"pxl-item--title\" data-target=\"#pxl_accordion-bd9ef98-5417-689e474\">\r\n                                <span class=\"pxl-title--text\">Comment v\u00e9rifier les fournisseurs en Chine ?<\/span>\r\n                <i class=\"icon-plus\"><\/i>\r\n                <\/h5>\r\n                <div id=\"pxl_accordion-bd9ef98-5417-689e474\" class=\"pxl-item--content\" >Oui. Nous pr\u00e9s\u00e9lectionnons les usines, v\u00e9rifions les licences et la conformit\u00e9, comparons les prix et les quantit\u00e9s minimales de commande (MOQ), organisons les \u00e9chantillons et r\u00e9alisons les inspections avant exp\u00e9dition.\nEnsuite, nous transf\u00e9rons directement la commande \u00e0 notre \u00e9quipe logistique pour assurer une transition fluide et efficace.<\/div>\r\n            <\/div>\r\n                    <div class=\"pxl--item\">\r\n                <h5 class=\"pxl-item--title\" data-target=\"#pxl_accordion-bd9ef98-5417-647c7a7\">\r\n                                <span class=\"pxl-title--text\">Organisez-vous des voyages d\u2019affaires en Chine ?<\/span>\r\n                <i class=\"icon-plus\"><\/i>\r\n                <\/h5>\r\n                <div id=\"pxl_accordion-bd9ef98-5417-647c7a7\" class=\"pxl-item--content\" >Absolument. Nous vous accompagnons dans les d\u00e9marches de visa, r\u00e9servons les h\u00f4tels, planifions des itin\u00e9raires efficaces pour visiter les march\u00e9s et usines (Guangzhou, Yiwu, Shenzhen, etc.), organisons les transferts en ville, et vous assistons avec une traduction bilingue et un soutien \u00e0 la n\u00e9gociation tout au long du s\u00e9jour.<\/div>\r\n            <\/div>\r\n            <\/div>\r\n    \t\t\t\t<\/div>\n\t\t\t\t<\/div>\n\t\t            <\/div>\r\n        <\/div>\r\n        \t\t\t<\/div>\n\t\t<\/section>\n\t\t        <section class=\"elementor-section elementor-top-section elementor-element elementor-element-7d34ab6 elementor-section-stretched elementor-section-boxed elementor-section-height-default elementor-section-height-default pxl-row-scroll-none pxl-section-overflow-visible pxl-bg-color-none pxl-section-overlay-none\" data-id=\"7d34ab6\" data-element_type=\"section\" data-e-type=\"section\" data-settings=\"{&quot;stretch_section&quot;:&quot;section-stretched&quot;}\">\n\n                \n                <div class=\"elementor-container elementor-column-gap-extended\">\n                <div class=\"elementor-column elementor-col-100 elementor-top-column elementor-element elementor-element-1c9848d pxl-column-none pxl-column-overflow-hidden-no\" data-id=\"1c9848d\" data-element_type=\"column\" data-e-type=\"column\">\r\n        <div class=\"elementor-widget-wrap elementor-element-populated\">\r\n                     \r\n                <section class=\"elementor-section elementor-inner-section elementor-element elementor-element-037e6ee elementor-section-boxed elementor-section-height-default elementor-section-height-default pxl-row-scroll-none pxl-section-overflow-visible pxl-bg-color-none pxl-section-overlay-none\" data-id=\"037e6ee\" data-element_type=\"section\" data-e-type=\"section\">\n\n                \n                <div class=\"elementor-container elementor-column-gap-no\">\n                <div class=\"elementor-column elementor-col-100 elementor-inner-column elementor-element elementor-element-1e3501e pxl-column-none pxl-column-overflow-hidden-no\" data-id=\"1e3501e\" data-element_type=\"column\" data-e-type=\"column\" data-settings=\"{&quot;background_background&quot;:&quot;classic&quot;}\">\r\n        <div class=\"elementor-widget-wrap elementor-element-populated\">\r\n                     \r\n        \t\t<div class=\"elementor-element elementor-element-ad6ce56 elementor-widget elementor-widget-pxl_heading\" data-id=\"ad6ce56\" data-element_type=\"widget\" data-e-type=\"widget\" data-widget_type=\"pxl_heading.default\">\n\t\t\t\t<div class=\"elementor-widget-container\">\n\t\t\t\t\t<div id=\"pxl-pxl_heading-ad6ce56-9916\" class=\"pxl-heading pxl-heading--tcustom px-sub-title-default-style\">\n\t<div class=\"pxl-heading--inner\">\n\t\t\t\t\t\n\t<h3 class=\"pxl-item--title\" data-wow-delay=\"ms\">\n\tVous souhaitez poser d'autres questions ?\t\t\t\n\t<\/h3>\n\t\n<\/div>\n<\/div>\t\t\t\t<\/div>\n\t\t\t\t<\/div>\n\t\t\t\t<div class=\"elementor-element elementor-element-afddf43 elementor-widget elementor-widget-pxl_contact_form\" data-id=\"afddf43\" data-element_type=\"widget\" data-e-type=\"widget\" data-widget_type=\"pxl_contact_form.default\">\n\t\t\t\t<div class=\"elementor-widget-container\">\n\t\t\t\t\t    <div class=\"pxl-contact-form pxl-contact-form1 btn-w-auto\" data-wow-delay=\"ms\">\r\n        \n<div class=\"wpcf7 no-js\" id=\"wpcf7-f724-o1\" lang=\"en-US\" dir=\"ltr\" data-wpcf7-id=\"724\">\n<div class=\"screen-reader-response\"><p role=\"status\" aria-live=\"polite\" aria-atomic=\"true\"><\/p> <ul><\/ul><\/div>\n<form action=\"\/fr\/wp-json\/wp\/v2\/pages\/19#wpcf7-f724-o1\" method=\"post\" class=\"wpcf7-form init\" aria-label=\"Contact form\" novalidate=\"novalidate\" data-status=\"init\" data-trp-original-action=\"\/fr\/wp-json\/wp\/v2\/pages\/19#wpcf7-f724-o1\">\n<fieldset class=\"hidden-fields-container\"><input type=\"hidden\" name=\"_wpcf7\" value=\"724\" \/><input type=\"hidden\" name=\"_wpcf7_version\" value=\"6.1.5\" \/><input type=\"hidden\" name=\"_wpcf7_locale\" value=\"en_US\" \/><input type=\"hidden\" name=\"_wpcf7_unit_tag\" value=\"wpcf7-f724-o1\" \/><input type=\"hidden\" name=\"_wpcf7_container_post\" value=\"0\" \/><input type=\"hidden\" name=\"_wpcf7_posted_data_hash\" value=\"\" \/>\n<\/fieldset>\n<div class=\"uacf7-form-wrapper-container uacf7-form-724\"><div class=\"wrap-ctf3 wrap-form\">\n\t<div class=\"containter\">\n\t\t<div class=\"row\">\n\t\t\t<div class=\"input-filled col-xl-4 col-lg-4 col-md-6 col-sm-6 col-xs-12\">\n\t\t\t\t<span class=\"wpcf7-form-control-wrap your-name\">\n\t\t\t\t\t<span class=\"wpcf7-form-control-wrap\" data-name=\"your-name\"><input size=\"40\" maxlength=\"400\" class=\"wpcf7-form-control wpcf7-text wpcf7-validates-as-required\" aria-required=\"true\" aria-invalid=\"false\" placeholder=\"Votre nom\" value=\"\" type=\"text\" name=\"your-name\" \/><\/span>\n\t\t\t\t<\/span>\n\t\t\t<\/div>  \n\t\t\t<div class=\"input-filled col-xl-4 col-lg-4 col-md-6 col-sm-6 col-xs-12\">\n\t\t\t\t<span class=\"wpcf7-form-control-wrap your-phone\">\n\t\t\t\t\t<span class=\"wpcf7-form-control-wrap\" data-name=\"your-phone\"><input size=\"40\" maxlength=\"400\" class=\"wpcf7-form-control wpcf7-tel wpcf7-validates-as-required wpcf7-text wpcf7-validates-as-tel\" aria-required=\"true\" aria-invalid=\"false\" placeholder=\"Num\u00e9ro de t\u00e9l\u00e9phone\" value=\"\" type=\"tel\" name=\"your-phone\" \/><\/span>\n\t\t\t\t<\/span>\n\t\t\t<\/div>  \n\t\t\t<div class=\"input-filled col-xl-4 col-lg-4 col-md-12 col-sm-12 col-xs-12\">\n\t\t\t\t<span class=\"wpcf7-form-control-wrap your-email\">\n\t\t\t\t\t<span class=\"wpcf7-form-control-wrap\" data-name=\"your-email\"><input size=\"40\" maxlength=\"400\" class=\"wpcf7-form-control wpcf7-email wpcf7-validates-as-required wpcf7-text wpcf7-validates-as-email\" aria-required=\"true\" aria-invalid=\"false\" placeholder=\"Adresse \u00e9lectronique\" value=\"\" type=\"email\" name=\"your-email\" \/><\/span>\n\t\t\t\t<\/span>\n\t\t\t<\/div> \n\t\t\t<div class=\"input-filled col-xl-12\">\n\t\t\t\t<span class=\"wpcf7-form-control-wrap your-message\">\n\t\t\t\t\t<span class=\"wpcf7-form-control-wrap\" data-name=\"your-message\"><textarea cols=\"40\" rows=\"10\" maxlength=\"2000\" class=\"wpcf7-form-control wpcf7-textarea wpcf7-validates-as-required\" aria-required=\"true\" aria-invalid=\"false\" placeholder=\"Votre question ici\" name=\"your-message\"><\/textarea><\/span>\n\t\t\t\t<\/span>\n\t\t\t<\/div>  \n\t\t\t<div class=\"input-filled col-xl-12\"> \n\t\t\t\t<button type=\"submit\" class=\"wpcf7-submit wpcf7-btn-abs\" > Soumettre\n\t\t\t\t<\/button>\n\t\t\t<\/div>\n\t\t<\/div>\n\t<\/div>\n<\/div><\/div><div class=\"wpcf7-response-output\" aria-hidden=\"true\"><\/div>\n<input type=\"hidden\" name=\"trp-form-language\" value=\"fr\"\/><\/form>\n<\/div>\n    <\/div>\r\n\t\t\t\t<\/div>\n\t\t\t\t<\/div>\n\t\t            <\/div>\r\n        <\/div>\r\n        \t\t\t<\/div>\n\t\t<\/section>\n\t\t            <\/div>\r\n        <\/div>\r\n        \t\t\t<\/div>\n\t\t<\/section>\n\t\t\t\t<\/div>","protected":false},"excerpt":{"rendered":"<p>FREQUENTLY ASKED QUESTIONS Do you have any question? Find answer here Some frequently asked questions aboutALANWAR AL SATEAA cargo services How do you ship from China\/Dubai to Chad? We design a factory-to-door plan using sea, air, and road. Our team handles export paperwork, import customs in Chad, warehousing\/consolidation, and secure last-mile delivery\u2014one accountable contact throughout. [&hellip;]<\/p>\n","protected":false},"author":1,"featured_media":0,"parent":0,"menu_order":0,"comment_status":"closed","ping_status":"closed","template":"","meta":{"footnotes":""},"class_list":["post-19","page","type-page","status-publish","hentry"],"_links":{"self":[{"href":"https:\/\/alanwaralsateaa.com\/fr\/wp-json\/wp\/v2\/pages\/19","targetHints":{"allow":["GET"]}}],"collection":[{"href":"https:\/\/alanwaralsateaa.com\/fr\/wp-json\/wp\/v2\/pages"}],"about":[{"href":"https:\/\/alanwaralsateaa.com\/fr\/wp-json\/wp\/v2\/types\/page"}],"author":[{"embeddable":true,"href":"https:\/\/alanwaralsateaa.com\/fr\/wp-json\/wp\/v2\/users\/1"}],"replies":[{"embeddable":true,"href":"https:\/\/alanwaralsateaa.com\/fr\/wp-json\/wp\/v2\/comments?post=19"}],"version-history":[{"count":3,"href":"https:\/\/alanwaralsateaa.com\/fr\/wp-json\/wp\/v2\/pages\/19\/revisions"}],"predecessor-version":[{"id":10401,"href":"https:\/\/alanwaralsateaa.com\/fr\/wp-json\/wp\/v2\/pages\/19\/revisions\/10401"}],"wp:attachment":[{"href":"https:\/\/alanwaralsateaa.com\/fr\/wp-json\/wp\/v2\/media?parent=19"}],"curies":[{"name":"wp","href":"https:\/\/api.w.org\/{rel}","templated":true}]}}